{"id":6329,"date":"2015-06-30T08:22:06","date_gmt":"2015-06-30T08:22:06","guid":{"rendered":"http:\/\/sergiodecastro.org\/mas-informacion-sobre-las-cookies-2"},"modified":"2015-07-02T09:59:59","modified_gmt":"2015-07-02T09:59:59","slug":"plus-dinfos-sur-les-cookies","status":"publish","type":"page","link":"http:\/\/sergiodecastro.org\/fr\/plus-dinfos-sur-les-cookies","title":{"rendered":"Plus d&rsquo;infos sur les cookies"},"content":{"rendered":"<h3>\u00bfQu\u2019est-ce qu\u2019un cookie?<\/h3>\n<p>Un cookie est un fichier de texte inoffensif qui est stock\u00e9 dans votre navigateur quand vous visitez un site web. Son utilit\u00e9 r\u00e9side dans le fait que le site web est capable de se rappeler de votre visite quand vous retournez sur cette page. M\u00eame si beaucoup de personnes ne le savent pas les cookies existent depuis 20 ans, quand les premiers navigateurs pour le World Wide Web sont apparus. <\/p>\n<h3>\u00bfCe qu\u2019un cookie n\u2019est pas?<\/h3>\n<p>Il n\u2019est pas un virus, ni un cheval de Troie, ni un ver, ni du spam, ni un logiciel espion, il n\u2019ouvre pas de fen\u00eatre pop-up. <\/p>\n<h3>\u00bfQuelles informations stocke un cookie?<\/h3>\n<p>Les cookies ne contiennent aucune information confidentielle, comme vos cartes de cr\u00e9dit ou des coordonn\u00e9es bancaires, votre pi\u00e8ce d\u2019identit\u00e9 ou des donn\u00e9es personnelles, etc. Les donn\u00e9es enregistr\u00e9es sont \u00e0 caract\u00e8re technique, pr\u00e9f\u00e9rences personnelles, personnalisation de contenus, etc. <\/p>\n<p>Le serveur web ne vous associe pas en tant que personne, mais votre navigateur web. Par exemple, si vous naviguez habituellement avec Internet Explorer et vous essayez d\u2019aller sur un m\u00eame site avec Firefox ou Chrome vous verrez que le site ne remarquera pas que vous \u00eates la m\u00eame personne car en r\u00e9alit\u00e9 il se renseigne sur le navigateur, pas sur la personne.<\/p>\n<h3>Types de cookies existants<\/h3>\n<ul>\n<li>Cookies techniques: Les plus basiques. Ils permettent, entre autres, de distinguer un utilisateur humain d\u2019une application automatis\u00e9e, et un utilisateur anonyme d\u2019un utilisateur enregistr\u00e9, des taches fondamentales pour le fonctionnement de tout site web dynamique.<\/li>\n<li>Cookies d\u2019analyse: Ils r\u00e9cup\u00e8rent des informations sur le type de navigation que vous \u00eates en train de r\u00e9aliser, les rubriques que vous utilisez le plus, les produits consult\u00e9s, le fuseau horaire d\u2019utilisation, la langue, etc.<\/li>\n<li>Cookies de publicit\u00e9: Ils montrent des annonces en fonction de votre navigation, votre pays d\u2019origine, votre langue, etc.<\/li>\n<\/ul>\n<h3>Cookies propres et cookies des tiers<\/h3>\n<p>Les cookies propres sont ceux g\u00e9n\u00e9r\u00e9s par le site web que vous visitez et celles des tiers sont ceux g\u00e9n\u00e9r\u00e9s par des services ou fournisseurs externes comme Facebook, Twitter, Google, etc.<\/p>\n<h3>\u00bfQue se passe-t-il quand je d\u00e9sactive les cookies?<\/h3>\n<p>Nous vous proposons quelques exemples de ce que vous ne pourrez pas faire si vous d\u00e9sactivez les cookies:<\/p>\n<ul>\n<li>Vous ne pourrez plus partager des contenus de ce site web sur Facebook, Twitter ou n\u2019importe quel autre r\u00e9seau social.<\/li>\n<li>Le site web ne pourra pas adapter les contenus \u00e0 vos pr\u00e9f\u00e9rences personnelles, comme on fait d\u2019habitude sur les boutiques en ligne.<\/li>\n<li>Vous ne pourrez plus acc\u00e9der \u00e0 l\u2019espace personnel du site web, comme par exemple Mon compte ou Mon profil ou Mon panier.<\/li>\n<li>Pour les boutiques en ligne : Il sera impossible de r\u00e9aliser des achats en ligne, vous devrez le faire par t\u00e9l\u00e9phone ou vous rendant \u00e0 la boutique physique si celle-ci existe.<\/li>\n<li>Vous ne pourrez plus personnaliser vos pr\u00e9f\u00e9rences g\u00e9ographiques comme le fuseau horaire, la devise ou la langue.<\/li>\n<li>Le site web ne pourra pas r\u00e9aliser des analyses sur nombre de visiteurs et trafic, ce qui le rendra moins comp\u00e9titif.<\/li>\n<li>Vous ne pourrez pas \u00e9crire sur le blog, ni charger des photos, publier des commentaires, voter ou donner votre avis sur des contenus. Le site web ne pourra plus savoir si vous \u00eates humain un une application automatis\u00e9e qui publie du spam.<\/li>\n<li>On ne pourra plus vous montrer de la publicit\u00e9 sectoris\u00e9e, ce qui r\u00e9duira les entr\u00e9es publicitaires du site.<\/li>\n<li>Tous les r\u00e9seaux sociaux utilisent des cookies ; si vous les d\u00e9sactivez, vous ne pourrez plus utiliser aucun r\u00e9seau social.<\/li>\n<\/ul>\n<h3>\u00bfPeut-on \u00e9liminer les cookies?<\/h3>\n<p>Oui, non seulement les supprimer, mais aussi les bloquer, de mani\u00e8re g\u00e9n\u00e9rale ou particuli\u00e8re pour un domaine sp\u00e9cifique.<\/p>\n<p>Pour \u00e9liminer les cookies d\u2019un site web vous devez aller aux param\u00e8tres de votre navigateur et vous pourrez chercher ceux associ\u00e9s \u00e0 un domaine en particulier et les supprimer.<\/p>\n<h3 id=\"navegadores\">Param\u00e9trage de cookies pour les navigateurs les plus utilis\u00e9s<\/h3>\n<p>Nous vous indiquons \u00e0 continuation comment acc\u00e9der \u00e0 un cookie d\u00e9termin\u00e9 du navigateur  <strong>Chrome<\/strong>. Note: ces \u00e9tapes peuvent varier en fonction de la version du navigateur:<\/p>\n<ol>\n<li>Cliquez dans <em>Param\u00e8tres<\/em> ou <em>Pr\u00e9f\u00e9rences<\/em> \u00e0 travers le menu <em>Archive<\/em> ou bien gr\u00e2ce \u00e0 l\u2019ic\u00f4ne de personnalisation qui appara\u00eet en haut \u00e0 droite.<\/li>\n<li>Vous verrez diff\u00e9rentes sections, cliquez sur l\u2019option Montrer des <em>options avanc\u00e9es<\/em>.<\/li>\n<li>Allez dans <em>Privacit\u00e9, Configuration des contenus<\/em>.<\/li>\n<li>S\u00e9lectionnez <em>Toutes les cookies et donn\u00e9es des sites<\/em>.<\/li>\n<li>Vous trouverez une liste avec tous les cookies rang\u00e9s par domaine. Pour qu\u2019il soit plus facile de trouver les cookies d\u2019un domaine sp\u00e9cifique introduisez l\u2019adresse ou une partie de l\u2019adresse dans le champ <em>Rechercher des cookies<\/em>.<\/li>\n<li>Apr\u00e8s cette filtration appara\u00eetront sur l\u2019\u00e9cran une ou plusieurs lignes avec les cookies du site demand\u00e9. Maintenant vous devrez les s\u00e9lectionner et cliquer sur X pour les supprimer.<\/li>\n<\/ol>\n<p>&nbsp;<\/p>\n<p>Pour acc\u00e9der aux param\u00e8tres de cookies du navigateur <strong>Internet Explorer<\/strong> suivez ces \u00e9tapes (qui peuvent varier en fonction de la version du navigateur) :<\/p>\n<ol>\n<li>Allez dans <em>Outils, Options d\u2019Internet<\/em><\/li>\n<li>Cliquez sur <em>Privacit\u00e9<\/em>.<\/li>\n<li>Faites glisser la barre pour obtenir le niveau de privacit\u00e9 que vous souhaitez.<\/li>\n<\/ol>\n<p>&nbsp;<\/p>\n<p>Pour acc\u00e9der aux param\u00e8tres de cookies du navigateur <strong>Firefox<\/strong> suivez ces \u00e9tapes (qui peuvent varier en fonction de la version du navigateur) :<\/p>\n<ol>\n<li>Allez dans <em>Options<\/em> ou <em>Pr\u00e9f\u00e9rences<\/em> selon votre OS.<\/li>\n<li>Cliquez dans <em>Privacit\u00e9<\/em>.<\/li>\n<li>Dans <em>Historique<\/em> choisissez <em>Utiliser une configuration personnalis\u00e9e pour l\u2019historique<\/em>.<\/li>\n<li>Vous verrez alors l\u2019option <em>Accepter des cookies<\/em>, vous pouvez l\u2019activer ou la d\u00e9sactiver selon vos pr\u00e9f\u00e9rences.<\/li>\n<\/ol>\n<p>&nbsp;<\/p>\n<p>Pour acc\u00e9der aux param\u00e8tres de cookies du navigateur <strong>Safari pour OSX<\/strong> suivez ces \u00e9tapes (qui peuvent varier en fonction de la version du navigateur):<\/p>\n<ol>\n<li>Allez dans <em>Pr\u00e9f\u00e9rences<\/em>, puis <em>Privacit\u00e9<\/em>.<\/li>\n<li>Vous verrez l\u2019option <em>Bloquer les cookies<\/em> pour sp\u00e9cifier le type de blocage que vous souhaitez r\u00e9aliser.<\/li>\n<\/ol>\n<p>&nbsp;<\/p>\n<p>Pour acc\u00e9der aux param\u00e8tres de cookies du navigateur <strong>Safari pour iOS<\/strong> suivez ces \u00e9tapes (qui peuvent varier en fonction de la version du navigateur):<\/p>\n<ol>\n<li>Allez dans <em>Param\u00e8tres<\/em>, puis <em>Safari<\/em>.<\/li>\n<li>Allez dans <em>Privacit\u00e9<\/em> et S\u00e9curit\u00e9, vous verrez l\u2019option <em>Bloquer les cookies<\/em> pour que vous sp\u00e9cifiiez le type de blocage que vous souhaitez r\u00e9aliser.<\/li>\n<\/ol>\n<p>&nbsp;<\/p>\n<p>Pour acc\u00e9der aux param\u00e8tres de cookies du navigateur pour dispositifs <strong>Android<\/strong> suivez ces \u00e9tapes (qui peuvent varier en fonction de la version du navigateur):<\/p>\n<ol>\n<li>D\u00e9marrez le navigateur et cliquez sur le <em>Menu<\/em>, puis <em>Param\u00e8tres<\/em>.<\/li>\n<li>Allez dans <em>S\u00e9curit\u00e9 et Privacit\u00e9<\/em>, vous trouverez l\u2019option <em>Accepter des cookies<\/em> pour cocher ou d\u00e9cocher la case.<\/li>\n<\/ol>\n<p>&nbsp;<\/p>\n<p>Pour acc\u00e9der aux param\u00e8tres de cookies du navigateur pour dispositifs <strong>Windows Phone<\/strong> suivez ces \u00e9tapes (qui peuvent varier en fonction de la version du navigateur) :<\/p>\n<ol>\n<li>Ouvrez <em>Internet Explorer<\/em>, puis Plus, puis <em>Param\u00e8tres<\/em>.<\/li>\n<li>Vous pouvez d\u00e9sormais activer ou d\u00e9sactiver l\u2019option <em>Permettre des cookies<\/em>.<\/li>\n<\/ol>\n","protected":false},"excerpt":{"rendered":"<p>\u00bfQu\u2019est-ce qu\u2019un cookie? Un cookie est un fichier de texte inoffensif qui est stock\u00e9 dans votre navigateur quand vous visitez un site web. Son utilit\u00e9 r\u00e9side dans le fait que le site web est capable de se rappeler de votre visite quand vous retournez sur cette page. M\u00eame si beaucoup de personnes ne le savent [&hellip;]<\/p>\n","protected":false},"author":5,"featured_media":0,"parent":0,"menu_order":0,"comment_status":"open","ping_status":"open","template":"","meta":[],"_links":{"self":[{"href":"http:\/\/sergiodecastro.org\/fr\/wp-json\/wp\/v2\/pages\/6329"}],"collection":[{"href":"http:\/\/sergiodecastro.org\/fr\/wp-json\/wp\/v2\/pages"}],"about":[{"href":"http:\/\/sergiodecastro.org\/fr\/wp-json\/wp\/v2\/types\/page"}],"author":[{"embeddable":true,"href":"http:\/\/sergiodecastro.org\/fr\/wp-json\/wp\/v2\/users\/5"}],"replies":[{"embeddable":true,"href":"http:\/\/sergiodecastro.org\/fr\/wp-json\/wp\/v2\/comments?post=6329"}],"version-history":[{"count":3,"href":"http:\/\/sergiodecastro.org\/fr\/wp-json\/wp\/v2\/pages\/6329\/revisions"}],"predecessor-version":[{"id":6333,"href":"http:\/\/sergiodecastro.org\/fr\/wp-json\/wp\/v2\/pages\/6329\/revisions\/6333"}],"wp:attachment":[{"href":"http:\/\/sergiodecastro.org\/fr\/wp-json\/wp\/v2\/media?parent=6329"}],"curies":[{"name":"wp","href":"https:\/\/api.w.org\/{rel}","templated":true}]}}