{"id":6324,"date":"2015-06-30T08:16:13","date_gmt":"2015-06-30T08:16:13","guid":{"rendered":"http:\/\/sergiodecastro.org\/politica-de-cookies-2"},"modified":"2015-07-02T09:55:22","modified_gmt":"2015-07-02T09:55:22","slug":"politique-des-cookies","status":"publish","type":"page","link":"http:\/\/sergiodecastro.org\/fr\/politique-des-cookies","title":{"rendered":"Politique des cookies"},"content":{"rendered":"<p>Un <em>cookie<\/em> est un petit fichier de texte qui est enregistr\u00e9e sur votre navigateur quand vous visitez un site web. Son utilit\u00e9 r\u00e9side dans le fait que le site web est capable de se rappeler de votre visite quand vous retournez sur cette page. Les <em>cookies<\/em> enregistrent des informations de caract\u00e8re technique, pr\u00e9f\u00e9rences personnelles, personnalisation de contenus, statistiques d\u2019utilisation, liens vers les r\u00e9seaux sociaux, acc\u00e8s aux comptes d\u2019utilisateur, etc. Le but des <em>cookies<\/em> est d\u2019adapter le contenu du site web \u00e0 votre profil et \u00e0 vos besoins; sans celles-ci, les services offerts par tout site web seraient en grande partie diminu\u00e9s. Si vous souhaitez consulter plus d\u2019informations \u00e0 propos des <em>cookies<\/em>, qu\u2019est-ce qu\u2019elles enregistrent, comment les supprimer, les d\u00e9sactiver, etc., <a href=\"http:\/\/sergiodecastro.org\/fr\/plus-dinfos-sur-les-cookies\">nous vous invitons \u00e0 cliquer sur ce lien.<\/a><\/p>\n<h3>Cookies utilis\u00e9es sur ce site web<\/h3>\n<p>Suivant les directives de la Commission Nationale de l&rsquo;informatique et des libert\u00e9s (CNIL) nous vous d\u00e9taillons l\u2019utilisation de <em>cookies<\/em> que fait ce site web afin de vous informer aussi exactement que possible. <\/p>\n<p>Ce site web utilise des <strong>cookies propres<\/strong>:<\/p>\n<ul>\n<li>Cookies de s\u00e9ance, pour garantir que les utilisateurs qui \u00e9crivent des commentaires sur le blog sont des humains et non des applications automatis\u00e9es. De cette mani\u00e8re on lutte contre le <em>spam<\/em>.<\/li>\n<\/ul>\n<p>&nbsp;<\/p>\n<p>Ce site web utilise des <strong>cookies des tiers<\/strong>:<\/p>\n<ul>\n<li>Google Analytics: Il enregistre des <em>cookies<\/em> afin d\u2019\u00e9laborer des statistiques sur le trafic et le volume des visites sur ce site web. En utilisant ce site vous donnez votre accord pour le traitement d\u2019information sur vous par Google. L\u2019exercice de tout droit sur ce sujet doit \u00eatre fait en communiquant directement avec Google. <\/li>\n<li>R\u00e9seaux sociaux: Chaque r\u00e9seau social utilise ses propres cookies pour que vous puissiez cliquer sur des options comme <em>J\u2019aime<\/em> ou <em>Partager<\/em>.<\/li>\n<\/ul>\n<h3>D\u00e9sactiver ou supprimer les cookies<\/h3>\n<p>Vous pouvez \u00e0 tout moment exercer votre droit de d\u00e9sactivation ou \u00e9limination des cookies de ce site web. Ces actions se r\u00e9alisent de mani\u00e8re diff\u00e9rente selon le navigateur que vous utilisez. <a href=\"http:\/\/sergiodecastro.org\/fr\/plus-dinfos-sur-les-cookies\/#navegadores\">AVous trouverez ici un guide rapide pour les navigateurs les plus utilis\u00e9s.<\/a><\/p>\n<h3>Notes additionnelles<\/h3>\n<ul>\n<li>Ni ce site web ni ses repr\u00e9sentants l\u00e9gaux ne se portent responsables ni du contenu ni de la v\u00e9racit\u00e9 des politiques de privacit\u00e9 des tiers nomm\u00e9s dans cette mention de cookies.<\/li>\n<li>Les navigateurs web sont des outils charg\u00e9s d\u2019enregistrer les cookies et c\u2019est l\u00e0 que vous devez effectuer votre droit \u00e0 la suppression ou d\u00e9sactivation de celles-ci. Ni ce site web ni ses repr\u00e9sentants ne peuvent garantir une manipulation correcte ou incorrecte des cookies par lesdits navigateurs.<\/li>\n<li>Dans certains cas, il est n\u00e9cessaire d\u2019installer des cookies pour que le navigateur n\u2019oublie pas votre d\u00e9cision de non-acceptation de celles-ci.<\/li>\n<li>Dans le cas des cookies de Google Analytics, cette entreprise enregistre les cookies dans des serveurs situ\u00e9s aux \u00c9tats-Unis et s\u2019engage \u00e0 ne pas les partager avec des tiers, sauf dans les cas o\u00f9 ce serait n\u00e9cessaire pour le fonctionnement du syst\u00e8me ou si la loi les oblige. Selon Google, votre adresse IP n\u2019est pas enregistr\u00e9e. Google Inc. est une entreprise qui adh\u00e8re \u00e0 l\u2019Accord de Port S\u00e9curis\u00e9 qui garantit que toutes les donn\u00e9es transf\u00e9r\u00e9es seront trait\u00e9s avec un niveau de protection en accord avec les normes europ\u00e9ennes. Vous pouvez consulter des informations plus d\u00e9taill\u00e9es sur le sujet <a href=\"http:\/\/safeharbor.export.gov\/companyinfo.aspx?id=16626\" target=\"_blank\">dans ce lien<\/a>. Si vous souhaitez plus d\u2019informations sur l\u2019utilisation des cookies par Google <a href=\"https:\/\/developers.google.com\/analytics\/devguides\/collection\/analyticsjs\/cookie-usage?hl=es&amp;csw=1\" target=\"_blank\">nous vous proposons ce lien<\/a>.<\/li>\n<li>En cas de doute sur notre politique de cookies n\u2019h\u00e9sitez pas \u00e0 nous le communiquer \u00e0 travers la rubrique Contact. <\/li>\n<\/ul>\n","protected":false},"excerpt":{"rendered":"<p>Un cookie est un petit fichier de texte qui est enregistr\u00e9e sur votre navigateur quand vous visitez un site web. Son utilit\u00e9 r\u00e9side dans le fait que le site web est capable de se rappeler de votre visite quand vous retournez sur cette page. Les cookies enregistrent des informations de caract\u00e8re technique, pr\u00e9f\u00e9rences personnelles, personnalisation [&hellip;]<\/p>\n","protected":false},"author":5,"featured_media":0,"parent":0,"menu_order":0,"comment_status":"open","ping_status":"open","template":"","meta":[],"_links":{"self":[{"href":"http:\/\/sergiodecastro.org\/fr\/wp-json\/wp\/v2\/pages\/6324"}],"collection":[{"href":"http:\/\/sergiodecastro.org\/fr\/wp-json\/wp\/v2\/pages"}],"about":[{"href":"http:\/\/sergiodecastro.org\/fr\/wp-json\/wp\/v2\/types\/page"}],"author":[{"embeddable":true,"href":"http:\/\/sergiodecastro.org\/fr\/wp-json\/wp\/v2\/users\/5"}],"replies":[{"embeddable":true,"href":"http:\/\/sergiodecastro.org\/fr\/wp-json\/wp\/v2\/comments?post=6324"}],"version-history":[{"count":4,"href":"http:\/\/sergiodecastro.org\/fr\/wp-json\/wp\/v2\/pages\/6324\/revisions"}],"predecessor-version":[{"id":6331,"href":"http:\/\/sergiodecastro.org\/fr\/wp-json\/wp\/v2\/pages\/6324\/revisions\/6331"}],"wp:attachment":[{"href":"http:\/\/sergiodecastro.org\/fr\/wp-json\/wp\/v2\/media?parent=6324"}],"curies":[{"name":"wp","href":"https:\/\/api.w.org\/{rel}","templated":true}]}}