{"id":10,"date":"2011-10-05T17:16:24","date_gmt":"2011-10-05T17:16:24","guid":{"rendered":"http:\/\/sergiodecastro.org\/?page_id=10"},"modified":"2019-04-15T13:16:26","modified_gmt":"2019-04-15T13:16:26","slug":"contact-2","status":"publish","type":"page","link":"http:\/\/sergiodecastro.org\/fr\/contact-2","title":{"rendered":"Contact"},"content":{"rendered":"<h6><a href=\"mailto:sergiodecastro@orange.fr\">sergiodecastro@orange.fr<\/a><\/h6>\n<p>Association:<br \/>\n<em><strong>Les Amis de Sergio de Castro<\/strong><\/em><br \/>\n16 bis rue du Saint-Gothard<br \/>\n75014 Paris, France<\/p>\n<p>Pour adh\u00e9sion \u00e0 l&rsquo;Association <strong><em>Les Amis de Sergio de Castro<\/em><\/strong><\/p>\n<h6><a href=\"http:\/\/sergiodecastro.org\/wp-content\/uploads\/2019\/04\/BULLETIN-D\u2019ADHE\u0301SION-2019-A\u0300-L\u2019ASSOCIATION-1.pdf\">BULLETIN D\u2019ADHE\u0301SION 2019 A\u0300 L\u2019ASSOCIATION<\/a><\/h6>\n<p>\u00a9 Sergio de Castro &#8211; tous droits r\u00e9serv\u00e9s<\/p>\n<p>L\u2019ensemble du site: textes, \u0153uvres et photographies, est soumis au droit de la propri\u00e9t\u00e9 intellectuelle. L\u2019hypoth\u00e8se que la reproduction des \u0153uvres soit utilis\u00e9e \u00e0 une d\u00e9finition plus basse que les originaux est possible si elle remplit les conditions pour une utilisation \u00e9quitable et sans g\u00e9n\u00e9rer de conflit avec les tenants des droits.<\/p>\n","protected":false},"excerpt":{"rendered":"<p>sergiodecastro@orange.fr Association: Les Amis de Sergio de Castro 16 bis rue du Saint-Gothard 75014 Paris, France Pour adh\u00e9sion \u00e0 l&rsquo;Association Les Amis de Sergio de Castro BULLETIN D\u2019ADHE\u0301SION 2019 A\u0300 L\u2019ASSOCIATION \u00a9 Sergio de Castro &#8211; tous droits r\u00e9serv\u00e9s L\u2019ensemble du site: textes, \u0153uvres et photographies, est soumis au droit de la propri\u00e9t\u00e9 intellectuelle. L\u2019hypoth\u00e8se [&hellip;]<\/p>\n","protected":false},"author":5,"featured_media":0,"parent":0,"menu_order":0,"comment_status":"open","ping_status":"open","template":"","meta":[],"_links":{"self":[{"href":"http:\/\/sergiodecastro.org\/fr\/wp-json\/wp\/v2\/pages\/10"}],"collection":[{"href":"http:\/\/sergiodecastro.org\/fr\/wp-json\/wp\/v2\/pages"}],"about":[{"href":"http:\/\/sergiodecastro.org\/fr\/wp-json\/wp\/v2\/types\/page"}],"author":[{"embeddable":true,"href":"http:\/\/sergiodecastro.org\/fr\/wp-json\/wp\/v2\/users\/5"}],"replies":[{"embeddable":true,"href":"http:\/\/sergiodecastro.org\/fr\/wp-json\/wp\/v2\/comments?post=10"}],"version-history":[{"count":8,"href":"http:\/\/sergiodecastro.org\/fr\/wp-json\/wp\/v2\/pages\/10\/revisions"}],"predecessor-version":[{"id":9185,"href":"http:\/\/sergiodecastro.org\/fr\/wp-json\/wp\/v2\/pages\/10\/revisions\/9185"}],"wp:attachment":[{"href":"http:\/\/sergiodecastro.org\/fr\/wp-json\/wp\/v2\/media?parent=10"}],"curies":[{"name":"wp","href":"https:\/\/api.w.org\/{rel}","templated":true}]}}