{"id":2186,"date":"2011-10-05T17:16:24","date_gmt":"2011-10-05T17:16:24","guid":{"rendered":"http:\/\/sergiodecastro.org\/contact-2"},"modified":"2019-04-15T13:13:13","modified_gmt":"2019-04-15T13:13:13","slug":"contacto","status":"publish","type":"page","link":"http:\/\/sergiodecastro.org\/es\/contacto","title":{"rendered":"Contacto"},"content":{"rendered":"<h6><a href=\"mailto:sergiodecastro@orange.fr\">sergiodecastro@orange.fr<\/a><\/h6>\n<p>Association:<br \/>\n<em><strong>Les Amis de Sergio de Castro &#8211; (Los Amigos de Sergio de Castro) <\/strong><\/em><br \/>\n16 bis rue du Saint-Gothard<br \/>\n75014 Paris, France<\/p>\n<p>Para unirse a la asociaci\u00f3n <strong><em>Los Amigos de Sergio de Castro<\/em><\/strong><\/p>\n<h6><a href=\"http:\/\/sergiodecastro.org\/wp-content\/uploads\/2019\/04\/BULLETIN-D\u2019ADHE\u0301SION-2019-A\u0300-L\u2019ASSOCIATION-1.pdf\">BULLETIN D\u2019ADHE\u0301SION 2019 A\u0300 L\u2019ASSOCIATION<\/a><\/h6>\n<p>\u00a9 Sergio de Castro &#8211; todos los derechos reservados<\/p>\n<p>El conjunto de la p\u00e1gina web: textos, obras y fotograf\u00edas, queda sometido al derecho de la propiedad intelectual. La hip\u00f3tesis de que la repoducci\u00f3n de obras se lleve a cabo a una definici\u00f3n m\u00e1s baja que los originales es posible si cumple las condiciones para una utilizaci\u00f3n equitativa y sin generar conflicto con los poseedores de los derechos.<\/p>\n","protected":false},"excerpt":{"rendered":"<p>sergiodecastro@orange.fr Association: Les Amis de Sergio de Castro &#8211; (Los Amigos de Sergio de Castro) 16 bis rue du Saint-Gothard 75014 Paris, France Para unirse a la asociaci\u00f3n Los Amigos de Sergio de Castro BULLETIN D\u2019ADHE\u0301SION 2019 A\u0300 L\u2019ASSOCIATION \u00a9 Sergio de Castro &#8211; todos los derechos reservados El conjunto de la p\u00e1gina web: textos, [&hellip;]<\/p>\n","protected":false},"author":5,"featured_media":0,"parent":0,"menu_order":0,"comment_status":"open","ping_status":"open","template":"","meta":[],"_links":{"self":[{"href":"http:\/\/sergiodecastro.org\/es\/wp-json\/wp\/v2\/pages\/2186"}],"collection":[{"href":"http:\/\/sergiodecastro.org\/es\/wp-json\/wp\/v2\/pages"}],"about":[{"href":"http:\/\/sergiodecastro.org\/es\/wp-json\/wp\/v2\/types\/page"}],"author":[{"embeddable":true,"href":"http:\/\/sergiodecastro.org\/es\/wp-json\/wp\/v2\/users\/5"}],"replies":[{"embeddable":true,"href":"http:\/\/sergiodecastro.org\/es\/wp-json\/wp\/v2\/comments?post=2186"}],"version-history":[{"count":5,"href":"http:\/\/sergiodecastro.org\/es\/wp-json\/wp\/v2\/pages\/2186\/revisions"}],"predecessor-version":[{"id":9182,"href":"http:\/\/sergiodecastro.org\/es\/wp-json\/wp\/v2\/pages\/2186\/revisions\/9182"}],"wp:attachment":[{"href":"http:\/\/sergiodecastro.org\/es\/wp-json\/wp\/v2\/media?parent=2186"}],"curies":[{"name":"wp","href":"https:\/\/api.w.org\/{rel}","templated":true}]}}